{"id":264,"date":"2018-11-12T13:51:05","date_gmt":"2018-11-12T13:51:05","guid":{"rendered":"https:\/\/miva.nypabbutiken.se\/?post_type=product&#038;p=264"},"modified":"2020-11-11T12:02:56","modified_gmt":"2020-11-11T12:02:56","slug":"skjorta-bomull","status":"publish","type":"product","link":"https:\/\/miva.nypabbutiken.se\/?product=skjorta-bomull","title":{"rendered":"Skjorta bomull"},"content":{"rendered":"","protected":false},"excerpt":{"rendered":"<p>&#8211; Bomullsskjorta i supersk\u00f6n kvalitet med modern passform.<br \/>\n&#8211; Slejf med knapp f\u00f6r uppkavling av \u00e4rmarna.<br \/>\n&#8211; Dolda knappar och br\u00f6stfickor med blixtl\u00e5s.<\/p>\n<p>Bomullsskjorta. L\u00e5ng \u00e4rm. Slejf med knapp i \u00e4rmen. Dolda knappar. Br\u00f6stfickor med blixtl\u00e5s. D-ring p\u00e5 br\u00f6stet.<\/p>\n","protected":false},"featured_media":272,"template":"","meta":[],"product_cat":[73],"product_tag":[74],"class_list":{"0":"post-264","1":"product","2":"type-product","3":"status-publish","4":"has-post-thumbnail","6":"product_cat-overdel","7":"product_tag-skjorta","8":"pa_size-2xl","9":"pa_size-3xl","10":"pa_size-l","11":"pa_size-m","12":"pa_size-s","13":"pa_size-xl","14":"pa_size-xs","16":"first","17":"instock","18":"shipping-taxable","19":"purchasable","20":"product-type-variable"},"_links":{"self":[{"href":"https:\/\/miva.nypabbutiken.se\/index.php?rest_route=\/wp\/v2\/product\/264","targetHints":{"allow":["GET"]}}],"collection":[{"href":"https:\/\/miva.nypabbutiken.se\/index.php?rest_route=\/wp\/v2\/product"}],"about":[{"href":"https:\/\/miva.nypabbutiken.se\/index.php?rest_route=\/wp\/v2\/types\/product"}],"wp:featuredmedia":[{"embeddable":true,"href":"https:\/\/miva.nypabbutiken.se\/index.php?rest_route=\/wp\/v2\/media\/272"}],"wp:attachment":[{"href":"https:\/\/miva.nypabbutiken.se\/index.php?rest_route=%2Fwp%2Fv2%2Fmedia&parent=264"}],"wp:term":[{"taxonomy":"product_cat","embeddable":true,"href":"https:\/\/miva.nypabbutiken.se\/index.php?rest_route=%2Fwp%2Fv2%2Fproduct_cat&post=264"},{"taxonomy":"product_tag","embeddable":true,"href":"https:\/\/miva.nypabbutiken.se\/index.php?rest_route=%2Fwp%2Fv2%2Fproduct_tag&post=264"}],"curies":[{"name":"wp","href":"https:\/\/api.w.org\/{rel}","templated":true}]}}