{"id":315,"date":"2018-11-13T10:23:12","date_gmt":"2018-11-13T10:23:12","guid":{"rendered":"https:\/\/miva.nypabbutiken.se\/?post_type=product&#038;p=315"},"modified":"2018-11-14T09:00:47","modified_gmt":"2018-11-14T09:00:47","slug":"miami-monitor","status":"publish","type":"product","link":"https:\/\/miva.nypabbutiken.se\/?product=miami-monitor","title":{"rendered":"Miami Monitor"},"content":{"rendered":"","protected":false},"excerpt":{"rendered":"<p>EN ISO 20345:2011 S1P SRC<\/p>\n<p>Bred l\u00e4st<br \/>\nSt\u00e5lt\u00e5h\u00e4tta och spikskydd<br \/>\nPU belagt ovanl\u00e4der med ventilerade f\u00e4lt<br \/>\nYttersula i 2 densitets PU<\/p>\n","protected":false},"featured_media":344,"template":"","meta":[],"product_cat":[80],"product_tag":[102,100,101,104,103],"class_list":{"0":"post-315","1":"product","2":"type-product","3":"status-publish","4":"has-post-thumbnail","6":"product_cat-tillbehor","7":"product_tag-bred-last","8":"product_tag-skor","9":"product_tag-skyddsskor","10":"product_tag-spikskydd","11":"product_tag-staltahatta","13":"first","14":"instock","15":"shipping-taxable","16":"purchasable","17":"product-type-variable"},"_links":{"self":[{"href":"https:\/\/miva.nypabbutiken.se\/index.php?rest_route=\/wp\/v2\/product\/315","targetHints":{"allow":["GET"]}}],"collection":[{"href":"https:\/\/miva.nypabbutiken.se\/index.php?rest_route=\/wp\/v2\/product"}],"about":[{"href":"https:\/\/miva.nypabbutiken.se\/index.php?rest_route=\/wp\/v2\/types\/product"}],"wp:featuredmedia":[{"embeddable":true,"href":"https:\/\/miva.nypabbutiken.se\/index.php?rest_route=\/wp\/v2\/media\/344"}],"wp:attachment":[{"href":"https:\/\/miva.nypabbutiken.se\/index.php?rest_route=%2Fwp%2Fv2%2Fmedia&parent=315"}],"wp:term":[{"taxonomy":"product_cat","embeddable":true,"href":"https:\/\/miva.nypabbutiken.se\/index.php?rest_route=%2Fwp%2Fv2%2Fproduct_cat&post=315"},{"taxonomy":"product_tag","embeddable":true,"href":"https:\/\/miva.nypabbutiken.se\/index.php?rest_route=%2Fwp%2Fv2%2Fproduct_tag&post=315"}],"curies":[{"name":"wp","href":"https:\/\/api.w.org\/{rel}","templated":true}]}}