{"id":371,"date":"2018-12-10T07:29:01","date_gmt":"2018-12-10T07:29:01","guid":{"rendered":"https:\/\/miva.nypabbutiken.se\/?post_type=product&#038;p=371"},"modified":"2018-12-10T07:29:02","modified_gmt":"2018-12-10T07:29:02","slug":"varseljacka","status":"publish","type":"product","link":"https:\/\/miva.nypabbutiken.se\/?product=varseljacka","title":{"rendered":"Varseljacka"},"content":{"rendered":"","protected":false},"excerpt":{"rendered":"<p>Sk\u00f6n varseljacka i fyra olika f\u00e4rgkombinationer. Ergonomisk passform som ger mycket god r\u00f6relsefrihet. Certifierad enligt EN 471\/EN ISO 20471, XS-S klass 2, M-XXXL klass 3, skyddskl\u00e4der med h\u00f6g synbarhet.<\/p>\n","protected":false},"featured_media":379,"template":"","meta":[],"product_cat":[73],"product_tag":[],"class_list":{"0":"post-371","1":"product","2":"type-product","3":"status-publish","4":"has-post-thumbnail","6":"product_cat-overdel","7":"pa_size-3xl","8":"pa_size-l","9":"pa_size-m","10":"pa_size-s","11":"pa_size-xl","12":"pa_size-xs","13":"pa_size-xxl","15":"first","16":"instock","17":"shipping-taxable","18":"purchasable","19":"product-type-variable"},"_links":{"self":[{"href":"https:\/\/miva.nypabbutiken.se\/index.php?rest_route=\/wp\/v2\/product\/371","targetHints":{"allow":["GET"]}}],"collection":[{"href":"https:\/\/miva.nypabbutiken.se\/index.php?rest_route=\/wp\/v2\/product"}],"about":[{"href":"https:\/\/miva.nypabbutiken.se\/index.php?rest_route=\/wp\/v2\/types\/product"}],"wp:featuredmedia":[{"embeddable":true,"href":"https:\/\/miva.nypabbutiken.se\/index.php?rest_route=\/wp\/v2\/media\/379"}],"wp:attachment":[{"href":"https:\/\/miva.nypabbutiken.se\/index.php?rest_route=%2Fwp%2Fv2%2Fmedia&parent=371"}],"wp:term":[{"taxonomy":"product_cat","embeddable":true,"href":"https:\/\/miva.nypabbutiken.se\/index.php?rest_route=%2Fwp%2Fv2%2Fproduct_cat&post=371"},{"taxonomy":"product_tag","embeddable":true,"href":"https:\/\/miva.nypabbutiken.se\/index.php?rest_route=%2Fwp%2Fv2%2Fproduct_tag&post=371"}],"curies":[{"name":"wp","href":"https:\/\/api.w.org\/{rel}","templated":true}]}}